{"id":2,"date":"2016-05-10T03:48:21","date_gmt":"2016-05-10T03:48:21","guid":{"rendered":"https:\/\/www.hauli.org\/?page_id=2"},"modified":"2023-05-06T01:02:40","modified_gmt":"2023-05-06T00:02:40","slug":"sample-page","status":"publish","type":"page","link":"https:\/\/haulicapture.org\/","title":{"rendered":"HauLi"},"content":{"rendered":"\n<p class=\"has-text-align-center\">Ein herzliches Willkommen<br>auf dem Webauftritt der Firma HauLi &#8211; Mario Lipari!<\/p>\n\n\n\n<p class=\"has-text-align-center\"><strong>HauLi<\/strong> ist die im Mai 2022 gegr\u00fcndete Einzelfirma von mir,<br>Mario Lipari.<\/p>\n\n\n<div class=\"wp-block-image\">\n<figure class=\"aligncenter size-large is-resized\"><img loading=\"lazy\" decoding=\"async\" src=\"https:\/\/haulicapture.org\/wp-content\/uploads\/2022\/08\/L1010593-scaled-e1660748447338.jpg\" alt=\"\" width=\"289\" height=\"271\"\/><\/figure>\n<\/div>\n\n\n<p class=\"has-text-align-center\">Aufgrund meines Werdegangs kann ich Ihrem Unternehmen oder Ihnen pers\u00f6nlich  in vielen Bereichen einen deutlichen Mehrwert bieten. Sei dies als Berater, Coach oder IT- Supporter. <br>Mehr \u00fcber mich und meinen Werdegang erfahren Sie auch \u00fcber mein<\/p>\n\n\n<div class=\"wp-block-image\">\n<figure class=\"aligncenter size-full is-resized\"><a href=\"https:\/\/www.linkedin.com\/in\/mario-lipari-hauli\" target=\"_blank\" rel=\"noreferrer noopener\"><img loading=\"lazy\" decoding=\"async\" src=\"https:\/\/haulicapture.org\/wp-content\/uploads\/2022\/08\/logo-r.png\" alt=\"\" class=\"wp-image-68\" width=\"384\" height=\"89\" srcset=\"https:\/\/haulicapture.org\/wp-content\/uploads\/2022\/08\/logo-r.png 650w, https:\/\/haulicapture.org\/wp-content\/uploads\/2022\/08\/logo-r-300x69.png 300w\" sizes=\"auto, (max-width: 384px) 100vw, 384px\" \/><\/a><\/figure>\n<\/div>\n\n\n<div style=\"height:300px\" aria-hidden=\"true\" class=\"wp-block-spacer\"><\/div>\n\n\n\n<p class=\"has-text-align-center\">Zu meinen Kunden und Partnern z\u00e4hlen unter anderem<\/p>\n\n\n\n<div class=\"wp-block-group\"><div class=\"wp-block-group__inner-container is-layout-flow wp-block-group-is-layout-flow\">\n<figure class=\"wp-block-image size-large wp-duotone-unset-1\"><a href=\"https:\/\/www.suco.ch\/\" target=\"_blank\" rel=\"noreferrer noopener\"><img loading=\"lazy\" decoding=\"async\" width=\"1024\" height=\"194\" src=\"https:\/\/haulicapture.org\/wp-content\/uploads\/2023\/05\/suco-informatik-logo-go-for-it-4-1024x194.png\" alt=\"\" class=\"wp-image-129\" srcset=\"https:\/\/haulicapture.org\/wp-content\/uploads\/2023\/05\/suco-informatik-logo-go-for-it-4-1024x194.png 1024w, https:\/\/haulicapture.org\/wp-content\/uploads\/2023\/05\/suco-informatik-logo-go-for-it-4-300x57.png 300w, https:\/\/haulicapture.org\/wp-content\/uploads\/2023\/05\/suco-informatik-logo-go-for-it-4-768x146.png 768w, https:\/\/haulicapture.org\/wp-content\/uploads\/2023\/05\/suco-informatik-logo-go-for-it-4-1536x291.png 1536w, https:\/\/haulicapture.org\/wp-content\/uploads\/2023\/05\/suco-informatik-logo-go-for-it-4-2048x389.png 2048w, https:\/\/haulicapture.org\/wp-content\/uploads\/2023\/05\/suco-informatik-logo-go-for-it-4-1200x228.png 1200w, https:\/\/haulicapture.org\/wp-content\/uploads\/2023\/05\/suco-informatik-logo-go-for-it-4-1980x376.png 1980w\" sizes=\"auto, (max-width: 1024px) 100vw, 1024px\" \/><\/a><\/figure>\n\n\n<div class=\"wp-block-image\">\n<figure class=\"aligncenter size-medium\"><a href=\"https:\/\/jit.gmbh\/\" target=\"_blank\" rel=\"noreferrer noopener\"><img loading=\"lazy\" decoding=\"async\" width=\"300\" height=\"81\" src=\"https:\/\/haulicapture.org\/wp-content\/uploads\/2022\/08\/Jager-IT-logo-horizontal-rgb-300x81.png\" alt=\"\" class=\"wp-image-110\" srcset=\"https:\/\/haulicapture.org\/wp-content\/uploads\/2022\/08\/Jager-IT-logo-horizontal-rgb-300x81.png 300w, https:\/\/haulicapture.org\/wp-content\/uploads\/2022\/08\/Jager-IT-logo-horizontal-rgb-1024x275.png 1024w, https:\/\/haulicapture.org\/wp-content\/uploads\/2022\/08\/Jager-IT-logo-horizontal-rgb-768x206.png 768w, https:\/\/haulicapture.org\/wp-content\/uploads\/2022\/08\/Jager-IT-logo-horizontal-rgb-1536x412.png 1536w, https:\/\/haulicapture.org\/wp-content\/uploads\/2022\/08\/Jager-IT-logo-horizontal-rgb-2048x550.png 2048w, https:\/\/haulicapture.org\/wp-content\/uploads\/2022\/08\/Jager-IT-logo-horizontal-rgb-1200x322.png 1200w, https:\/\/haulicapture.org\/wp-content\/uploads\/2022\/08\/Jager-IT-logo-horizontal-rgb-1980x531.png 1980w\" sizes=\"auto, (max-width: 300px) 100vw, 300px\" \/><\/a><\/figure>\n<\/div>\n\n<div class=\"wp-block-image\">\n<figure class=\"aligncenter size-medium is-resized\"><a href=\"https:\/\/ingenitec.ch\/\" target=\"_blank\" rel=\"noreferrer noopener\"><img loading=\"lazy\" decoding=\"async\" src=\"https:\/\/haulicapture.org\/wp-content\/uploads\/2022\/08\/ingenitec-schrift-logo-300x71.png\" alt=\"\" class=\"wp-image-78\" width=\"225\" height=\"53\" srcset=\"https:\/\/haulicapture.org\/wp-content\/uploads\/2022\/08\/ingenitec-schrift-logo-300x71.png 300w, https:\/\/haulicapture.org\/wp-content\/uploads\/2022\/08\/ingenitec-schrift-logo.png 695w\" sizes=\"auto, (max-width: 225px) 100vw, 225px\" \/><\/a><\/figure>\n<\/div>\n\n<div class=\"wp-block-image\">\n<figure class=\"aligncenter size-medium is-resized\"><a href=\"https:\/\/www.swisscombi.eu\" target=\"_blank\" rel=\"noreferrer noopener\"><img loading=\"lazy\" decoding=\"async\" src=\"https:\/\/haulicapture.org\/wp-content\/uploads\/2022\/08\/logo-swisscombi-300x78.jpg\" alt=\"\" class=\"wp-image-77\" width=\"225\" height=\"59\" srcset=\"https:\/\/haulicapture.org\/wp-content\/uploads\/2022\/08\/logo-swisscombi-300x78.jpg 300w, https:\/\/haulicapture.org\/wp-content\/uploads\/2022\/08\/logo-swisscombi-768x201.jpg 768w, https:\/\/haulicapture.org\/wp-content\/uploads\/2022\/08\/logo-swisscombi.jpg 858w\" sizes=\"auto, (max-width: 225px) 100vw, 225px\" \/><\/a><\/figure>\n<\/div>\n\n<div class=\"wp-block-image\">\n<figure class=\"aligncenter size-full is-resized\"><a href=\"https:\/\/www.atrium-invest.ch\/\" target=\"_blank\" rel=\"noreferrer noopener\"><img loading=\"lazy\" decoding=\"async\" src=\"https:\/\/haulicapture.org\/wp-content\/uploads\/2022\/08\/Logo-2.png\" alt=\"\" class=\"wp-image-79\" width=\"218\" height=\"65\"\/><\/a><\/figure>\n<\/div><\/div><\/div>\n","protected":false},"excerpt":{"rendered":"<p>Ein herzliches Willkommenauf dem Webauftritt der Firma HauLi &#8211; Mario Lipari! HauLi ist die im Mai 2022 gegr\u00fcndete Einzelfirma von mir,Mario Lipari. Aufgrund meines Werdegangs kann ich Ihrem Unternehmen oder Ihnen pers\u00f6nlich in vielen Bereichen einen deutlichen Mehrwert bieten. Sei dies als Berater, Coach oder IT- Supporter. Mehr \u00fcber mich und meinen Werdegang erfahren Sie [&hellip;]<\/p>\n","protected":false},"author":1,"featured_media":0,"parent":0,"menu_order":0,"comment_status":"closed","ping_status":"closed","template":"","meta":{"footnotes":""},"class_list":["post-2","page","type-page","status-publish","hentry"],"_links":{"self":[{"href":"https:\/\/haulicapture.org\/index.php?rest_route=\/wp\/v2\/pages\/2","targetHints":{"allow":["GET"]}}],"collection":[{"href":"https:\/\/haulicapture.org\/index.php?rest_route=\/wp\/v2\/pages"}],"about":[{"href":"https:\/\/haulicapture.org\/index.php?rest_route=\/wp\/v2\/types\/page"}],"author":[{"embeddable":true,"href":"https:\/\/haulicapture.org\/index.php?rest_route=\/wp\/v2\/users\/1"}],"replies":[{"embeddable":true,"href":"https:\/\/haulicapture.org\/index.php?rest_route=%2Fwp%2Fv2%2Fcomments&post=2"}],"version-history":[{"count":36,"href":"https:\/\/haulicapture.org\/index.php?rest_route=\/wp\/v2\/pages\/2\/revisions"}],"predecessor-version":[{"id":134,"href":"https:\/\/haulicapture.org\/index.php?rest_route=\/wp\/v2\/pages\/2\/revisions\/134"}],"wp:attachment":[{"href":"https:\/\/haulicapture.org\/index.php?rest_route=%2Fwp%2Fv2%2Fmedia&parent=2"}],"curies":[{"name":"wp","href":"https:\/\/api.w.org\/{rel}","templated":true}]}}